{"id":1253,"date":"2017-09-08T15:08:45","date_gmt":"2017-09-08T13:08:45","guid":{"rendered":"http:\/\/www.rominvent.ro\/?page_id=1253"},"modified":"2017-09-08T15:08:45","modified_gmt":"2017-09-08T13:08:45","slug":"news","status":"publish","type":"page","link":"https:\/\/www.rominvent.ro\/?page_id=1253","title":{"rendered":"News"},"content":{"rendered":"\n\n\n<div id=\"wpv-view-layout-1245\" class=\"js-wpv-view-layout js-wpv-layout-responsive js-wpv-view-layout-1245\" data-viewnumber=\"1245\" data-pagination=\"{&quot;id&quot;:1245,&quot;query&quot;:&quot;normal&quot;,&quot;type&quot;:&quot;disabled&quot;,&quot;effect&quot;:&quot;fade&quot;,&quot;duration&quot;:500,&quot;speed&quot;:5,&quot;pause_on_hover&quot;:&quot;disabled&quot;,&quot;stop_rollover&quot;:&quot;false&quot;,&quot;cache_pages&quot;:&quot;enabled&quot;,&quot;preload_images&quot;:&quot;enabled&quot;,&quot;preload_pages&quot;:&quot;enabled&quot;,&quot;preload_reach&quot;:1,&quot;spinner&quot;:&quot;builtin&quot;,&quot;spinner_image&quot;:&quot;https:\/\/www.rominvent.ro\/wp-content\/plugins\/wp-views\/embedded\/res\/img\/ajax-loader.gif&quot;,&quot;callback_next&quot;:&quot;&quot;,&quot;manage_history&quot;:&quot;disabled&quot;,&quot;has_controls_in_form&quot;:&quot;disabled&quot;,&quot;infinite_tolerance&quot;:&quot;0&quot;,&quot;max_pages&quot;:0,&quot;page&quot;:1,&quot;base_permalink&quot;:&quot;\/index.php?rest_route=%2Fwp%2Fv2%2Fpages%2F1253&amp;wpv_view_count=1245&amp;wpv_paged=WPV_PAGE_NUM&quot;,&quot;loop&quot;:{&quot;type&quot;:&quot;&quot;,&quot;name&quot;:&quot;&quot;,&quot;data&quot;:[],&quot;id&quot;:0}}\" data-permalink=\"\/index.php?rest_route=%2Fwp%2Fv2%2Fpages%2F1253&#038;wpv_view_count=1245\">\n\n\t\n\t\n\t\t\n         <h2><a href=\"https:\/\/www.rominvent.ro\/?p=1794\">Easter holidays 2026<\/a> <\/h2>\n          <p>Please be informed that our office and ROPTO will be closed between Friday 10th and Monday 13th of April 2026, due to public holidays (Easter holidays). All the due dates that fall during these days will be postponed for the 14th of April 2026.<\/p>\n <a href=\"https:\/\/www.rominvent.ro\/?p=1794\"><em>Mai mult \u00bb\u00bb<\/em><\/a><p>\n          <hr>\n\t\t\n         <h2><a href=\"https:\/\/www.rominvent.ro\/?p=1765\">15th of August Program<\/a> <\/h2>\n          <p>Please be informed that our office and ROPTO will be closed on 15th of August 2025, due to public holiday. All the deadlines falling during this day will be postponed to the following working day, 18th of August 2025.<\/p>\n <a href=\"https:\/\/www.rominvent.ro\/?p=1765\"><em>Mai mult \u00bb\u00bb<\/em><\/a><p>\n          <hr>\n\t\t\n         <h2><a href=\"https:\/\/www.rominvent.ro\/?p=1434\">DENTA II 2019<\/a> <\/h2>\n          <p>ROMINVENT will be present at this year\u2019s DENTA exhibition, between 5th and 7th of December.<\/p>\n <a href=\"https:\/\/www.rominvent.ro\/?p=1434\"><em>Mai mult \u00bb\u00bb<\/em><\/a><p>\n          <hr>\n\t\t\n         <h2><a href=\"https:\/\/www.rominvent.ro\/?p=1414\">INDAGRA Participation<\/a> <\/h2>\n          <p>ROMINVENT will be present at this year&#8217;s INDAGRA exhibition, between 30th of October and 3rd of November. You will find us at booth 52E, Pavilion B2.<\/p>\n <a href=\"https:\/\/www.rominvent.ro\/?p=1414\"><em>Mai mult \u00bb\u00bb<\/em><\/a><p>\n          <hr>\n\t\t\n         <h2><a href=\"https:\/\/www.rominvent.ro\/?p=1396\">BIFE Participation<\/a> <\/h2>\n          <p>ROMINVENT will be present at this year&#8217;s BIFE SIM exhibition, between 12th and 15th of September. You will find us at booth 355, Pavilion B2.<\/p>\n <a href=\"https:\/\/www.rominvent.ro\/?p=1396\"><em>Mai mult \u00bb\u00bb<\/em><\/a><p>\n          <hr>\n\t\t\n         <h2><a href=\"https:\/\/www.rominvent.ro\/?p=1379\">Convocator<\/a> <\/h2>\n          <p>Consiliul de administra\u021bie al firmei ROMINVENT S.A. convoac\u0103 adunarea general\u0103 ordinar\u0103 a ac\u021bionarilor in data de 04.04.2019, ora 9:30, in Sala de Consiliu de la sediul societ\u0103\u021bii din\u00a0 Bucuresti, Strada Ermil Pangratti nr. 35, etajul 1, Sectorul 1, con &#8230;<\/p>\n <a href=\"https:\/\/www.rominvent.ro\/?p=1379\"><em>Mai mult \u00bb\u00bb<\/em><\/a><p>\n          <hr>\n\t\t\n         <h2><a href=\"https:\/\/www.rominvent.ro\/?p=1251\">Protec\u021bia \u0219i ap\u0103rarea propriet\u0103\u021bii intelectuale. Combaterea contrafacerii \u015fi pirateriei, o misiune imposibil\u0103?, 3-5 octombrie 2018, Poiana Bra\u0219ov<\/a> <\/h2>\n          <p>Agen\u021bia ROMINVENT organizeaz\u0103 Simpozionul cu tema Contrafacerea \u015fi pirateria \u00een domeniul propriet\u0103\u0163ii intelectuale, care se va desf\u0103\u015fura \u00een perioada 11-13 octombrie 2017, la Hotelul Sport &#8211; Complexul Ana Hotels din Poiana Bra\u0219ov. Aflat\u0103 la a XIX-a edi\u0163ie, aceast\u0103 manifestare ofer\u0103 participan\u0163ilor posibilitatea dezbaterii unor subiecte de interes major privind prevenirea \u015fi combaterea contrafacerii \u015fi pirateriei \u00een Rom\u00e2nia.<\/p>\n <a href=\"https:\/\/www.rominvent.ro\/?p=1251\"><em>Mai mult \u00bb\u00bb<\/em><\/a><p>\n          <hr>\n\t\t\n\t\n\t\n\t\n<\/div>\n\n","protected":false},"excerpt":{"rendered":"","protected":false},"author":1,"featured_media":0,"parent":0,"menu_order":0,"comment_status":"closed","ping_status":"closed","template":"","meta":{"site-sidebar-layout":"default","site-content-layout":"","ast-site-content-layout":"default","site-content-style":"default","site-sidebar-style":"default","ast-global-header-display":"","ast-banner-title-visibility":"","ast-main-header-display":"","ast-hfb-above-header-display":"","ast-hfb-below-header-display":"","ast-hfb-mobile-header-display":"","site-post-title":"","ast-breadcrumbs-content":"","ast-featured-img":"","footer-sml-layout":"","ast-disable-related-posts":"","theme-transparent-header-meta":"","adv-header-id-meta":"","stick-header-meta":"","header-above-stick-meta":"","header-main-stick-meta":"","header-below-stick-meta":"","astra-migrate-meta-layouts":"default","ast-page-background-enabled":"default","ast-page-background-meta":{"desktop":{"background-color":"var(--ast-global-color-4)","background-image":"","background-repeat":"repeat","background-position":"center center","background-size":"auto","background-attachment":"scroll","background-type":"","background-media":"","overlay-type":"","overlay-color":"","overlay-opacity":"","overlay-gradient":""},"tablet":{"background-color":"","background-image":"","background-repeat":"repeat","background-position":"center center","background-size":"auto","background-attachment":"scroll","background-type":"","background-media":"","overlay-type":"","overlay-color":"","overlay-opacity":"","overlay-gradient":""},"mobile":{"background-color":"","background-image":"","background-repeat":"repeat","background-position":"center center","background-size":"auto","background-attachment":"scroll","background-type":"","background-media":"","overlay-type":"","overlay-color":"","overlay-opacity":"","overlay-gradient":""}},"ast-content-background-meta":{"desktop":{"background-color":"var(--ast-global-color-5)","background-image":"","background-repeat":"repeat","background-position":"center center","background-size":"auto","background-attachment":"scroll","background-type":"","background-media":"","overlay-type":"","overlay-color":"","overlay-opacity":"","overlay-gradient":""},"tablet":{"background-color":"var(--ast-global-color-5)","background-image":"","background-repeat":"repeat","background-position":"center center","background-size":"auto","background-attachment":"scroll","background-type":"","background-media":"","overlay-type":"","overlay-color":"","overlay-opacity":"","overlay-gradient":""},"mobile":{"background-color":"var(--ast-global-color-5)","background-image":"","background-repeat":"repeat","background-position":"center center","background-size":"auto","background-attachment":"scroll","background-type":"","background-media":"","overlay-type":"","overlay-color":"","overlay-opacity":"","overlay-gradient":""}}},"_links":{"self":[{"href":"https:\/\/www.rominvent.ro\/index.php?rest_route=\/wp\/v2\/pages\/1253"}],"collection":[{"href":"https:\/\/www.rominvent.ro\/index.php?rest_route=\/wp\/v2\/pages"}],"about":[{"href":"https:\/\/www.rominvent.ro\/index.php?rest_route=\/wp\/v2\/types\/page"}],"author":[{"embeddable":true,"href":"https:\/\/www.rominvent.ro\/index.php?rest_route=\/wp\/v2\/users\/1"}],"replies":[{"embeddable":true,"href":"https:\/\/www.rominvent.ro\/index.php?rest_route=%2Fwp%2Fv2%2Fcomments&post=1253"}],"version-history":[{"count":0,"href":"https:\/\/www.rominvent.ro\/index.php?rest_route=\/wp\/v2\/pages\/1253\/revisions"}],"wp:attachment":[{"href":"https:\/\/www.rominvent.ro\/index.php?rest_route=%2Fwp%2Fv2%2Fmedia&parent=1253"}],"curies":[{"name":"wp","href":"https:\/\/api.w.org\/{rel}","templated":true}]}}